{"id":6635,"date":"2019-05-10T14:40:15","date_gmt":"2019-05-10T14:40:15","guid":{"rendered":"http:\/\/impreza.us-themes.com\/?page_id=6635"},"modified":"2025-11-05T17:24:57","modified_gmt":"2025-11-05T17:24:57","slug":"home","status":"publish","type":"page","link":"https:\/\/neredo.cl\/","title":{"rendered":"Inicio"},"content":{"rendered":"<section class=\"l-section wpb_row height_auto width_full\"><div class=\"l-section-h i-cf\"><div class=\"g-cols vc_row via_grid cols_1 laptops-cols_inherit tablets-cols_inherit mobiles-cols_1 valign_top type_default stacking_default\"><div class=\"wpb_column vc_column_container\"><div class=\"vc_column-inner\"><div class=\"w-slider style_none fit_scaledown nav_none count_1\"><div class=\"w-slider-h\"><div class=\"royalSlider\"><div class=\"rsContent\"><a class=\"rsImg\" data-rsw=\"2560\" data-rsh=\"1500\" href=\"https:\/\/neredo.cl\/wp-content\/uploads\/2024\/02\/REDISENO-NEREDO-21-1-scaled.jpg\"><span data-alt=\"\"><\/span><\/a><\/div><\/div><img decoding=\"async\" src=\"https:\/\/neredo.cl\/wp-content\/uploads\/2024\/02\/REDISENO-NEREDO-21-1-scaled.jpg\" width=\"2560\" height=\"1500\" alt loading=\"lazy\"><\/div><div class=\"w-slider-json\" onclick='return {&quot;autoScaleSlider&quot;:true,&quot;addActiveClass&quot;:true,&quot;loop&quot;:true,&quot;fadeInLoadedSlide&quot;:false,&quot;slidesSpacing&quot;:0,&quot;imageScalePadding&quot;:0,&quot;numImagesToPreload&quot;:2,&quot;arrowsNav&quot;:true,&quot;arrowsNavAutoHide&quot;:false,&quot;transitionType&quot;:&quot;move&quot;,&quot;transitionSpeed&quot;:250,&quot;block&quot;:{&quot;moveEffect&quot;:&quot;none&quot;,&quot;speed&quot;:300},&quot;thumbs&quot;:{&quot;fitInViewport&quot;:false,&quot;firstMargin&quot;:false,&quot;spacing&quot;:4},&quot;controlNavigation&quot;:&quot;none&quot;,&quot;autoScaleSliderWidth&quot;:2560,&quot;autoScaleSliderHeight&quot;:1500}'><\/div><\/div><\/div><\/div><\/div><\/div><\/section><section class=\"l-section wpb_row height_auto width_full with_img\"><div class=\"l-section-img\" role=\"img\" data-img-width=\"2560\" data-img-height=\"1440\" style=\"background-image: url(https:\/\/neredo.cl\/wp-content\/uploads\/2024\/01\/representacion-3d-villa-moderna-lujo-piscina-jardin-scaled.jpg);background-repeat: no-repeat;\"><\/div><div class=\"l-section-h i-cf\"><div class=\"g-cols vc_row via_grid cols_2 laptops-cols_inherit tablets-cols_inherit mobiles-cols_1 valign_top type_default stacking_default\"><div class=\"wpb_column vc_column_container us_custom_0825f19d has_bg_color\"><div class=\"vc_column-inner\"><div class=\"w-separator size_small\"><\/div><h1 class=\"w-text us_custom_e37d123e has_text_color\"><span class=\"w-text-h\"><span class=\"w-text-value\">Proceso<\/span><\/span><\/h1><div class=\"wpb_text_column us_custom_f74f4662\"><div class=\"wpb_wrapper\"><h4><span style=\"color: #ffffff;\">Puedes<\/span><span style=\"color: #ffffff;\"> contar con nosotros, somos expertos con m\u00e1s de<\/span> <span style=\"color: #13b659;\">30 a\u00f1os de experiencia<\/span><\/h4>\n<\/div><\/div><div class=\"w-separator size_small\"><\/div><div class=\"w-iconbox us_custom_5017160c has_text_color iconpos_left style_default color_primary align_left no_title icontype_img\"><div class=\"w-iconbox-icon\" style=\"font-size:5rem;\"><img loading=\"lazy\" decoding=\"async\" width=\"208\" height=\"208\" src=\"https:\/\/neredo.cl\/wp-content\/uploads\/2024\/01\/Icono_proceso_001.png\" class=\"attachment-full size-full\" alt=\"\" srcset=\"https:\/\/neredo.cl\/wp-content\/uploads\/2024\/01\/Icono_proceso_001.png 208w, https:\/\/neredo.cl\/wp-content\/uploads\/2024\/01\/Icono_proceso_001-150x150.png 150w\" sizes=\"auto, (max-width: 208px) 100vw, 208px\" \/><\/div><div class=\"w-iconbox-meta\"><div class=\"w-iconbox-text\"><p>Haz realidad lo que tienes en mente con nosotros. Cont\u00e1ctanos para que nos juntemos a conversar.<\/p>\n<\/div><\/div><\/div><div class=\"w-separator size_small\"><\/div><div class=\"w-iconbox us_custom_5017160c has_text_color iconpos_left style_default color_primary align_left no_title icontype_img\"><div class=\"w-iconbox-icon\" style=\"font-size:5rem;\"><img loading=\"lazy\" decoding=\"async\" width=\"208\" height=\"208\" src=\"https:\/\/neredo.cl\/wp-content\/uploads\/2024\/01\/Icono_proceso_002.png\" class=\"attachment-full size-full\" alt=\"\" srcset=\"https:\/\/neredo.cl\/wp-content\/uploads\/2024\/01\/Icono_proceso_002.png 208w, https:\/\/neredo.cl\/wp-content\/uploads\/2024\/01\/Icono_proceso_002-150x150.png 150w\" sizes=\"auto, (max-width: 208px) 100vw, 208px\" \/><\/div><div class=\"w-iconbox-meta\"><div class=\"w-iconbox-text\"><p>Es importante que tengas claro d\u00f3nde quieres construir, qu\u00e9 estilo de casa buscas, el tama\u00f1o de \u00e9sta y c\u00f3mo quieres financiar tu producto. Nosotros responderemos tus dudas.<\/p>\n<\/div><\/div><\/div><div class=\"w-separator size_small\"><\/div><div class=\"w-iconbox us_custom_5017160c has_text_color iconpos_left style_default color_primary align_left no_title icontype_img\"><div class=\"w-iconbox-icon\" style=\"font-size:5rem;\"><img loading=\"lazy\" decoding=\"async\" width=\"208\" height=\"208\" src=\"https:\/\/neredo.cl\/wp-content\/uploads\/2024\/01\/Icono_proceso_003.png\" class=\"attachment-full size-full\" alt=\"\" srcset=\"https:\/\/neredo.cl\/wp-content\/uploads\/2024\/01\/Icono_proceso_003.png 208w, https:\/\/neredo.cl\/wp-content\/uploads\/2024\/01\/Icono_proceso_003-150x150.png 150w\" sizes=\"auto, (max-width: 208px) 100vw, 208px\" \/><\/div><div class=\"w-iconbox-meta\"><div class=\"w-iconbox-text\"><p>Visita nuestras obras en construcci\u00f3n para que conozcas nuestra metodolog\u00eda de trabajo.<\/p>\n<\/div><\/div><\/div><div class=\"w-separator size_small\"><\/div><div class=\"w-iconbox us_custom_5017160c has_text_color iconpos_left style_default color_primary align_left no_title icontype_img\"><div class=\"w-iconbox-icon\" style=\"font-size:5rem;\"><img loading=\"lazy\" decoding=\"async\" width=\"208\" height=\"208\" src=\"https:\/\/neredo.cl\/wp-content\/uploads\/2024\/01\/Icono_proceso_004.png\" class=\"attachment-full size-full\" alt=\"\" srcset=\"https:\/\/neredo.cl\/wp-content\/uploads\/2024\/01\/Icono_proceso_004.png 208w, https:\/\/neredo.cl\/wp-content\/uploads\/2024\/01\/Icono_proceso_004-150x150.png 150w\" sizes=\"auto, (max-width: 208px) 100vw, 208px\" \/><\/div><div class=\"w-iconbox-meta\"><div class=\"w-iconbox-text\"><p>En unos d\u00edas recibir\u00e1s un bosquejo de tu proyecto, junto a una cotizaci\u00f3n detallada.<\/p>\n<\/div><\/div><\/div><div class=\"w-separator size_small\"><\/div><div class=\"w-iconbox us_custom_5017160c has_text_color iconpos_left style_default color_primary align_left no_title icontype_img\"><div class=\"w-iconbox-icon\" style=\"font-size:5rem;\"><img loading=\"lazy\" decoding=\"async\" width=\"208\" height=\"208\" src=\"https:\/\/neredo.cl\/wp-content\/uploads\/2024\/01\/Icono_proceso_005.png\" class=\"attachment-full size-full\" alt=\"\" srcset=\"https:\/\/neredo.cl\/wp-content\/uploads\/2024\/01\/Icono_proceso_005.png 208w, https:\/\/neredo.cl\/wp-content\/uploads\/2024\/01\/Icono_proceso_005-150x150.png 150w\" sizes=\"auto, (max-width: 208px) 100vw, 208px\" \/><\/div><div class=\"w-iconbox-meta\"><div class=\"w-iconbox-text\"><p>Cuando est\u00e1s conforme con la propuesta, firmaremos contrato para empezar a realizar el proyecto.<\/p>\n<\/div><\/div><\/div><div class=\"w-separator size_small\"><\/div><\/div><\/div><div class=\"wpb_column vc_column_container\"><div class=\"vc_column-inner\">[vc_raw_html][\/vc_raw_html]<\/div><\/div><\/div><\/div><\/section><section class=\"l-section wpb_row height_custom with_img\"><div class=\"l-section-img\" role=\"img\" data-img-width=\"2560\" data-img-height=\"1920\" style=\"background-image: url(https:\/\/neredo.cl\/wp-content\/uploads\/2024\/01\/2a096a20725fc1be34650f12e5c45753-scaled-1.jpg);\"><\/div><div class=\"l-section-overlay\" style=\"background:rgba(51,51,51,0.81)\"><\/div><div class=\"l-section-h i-cf\"><div class=\"g-cols vc_row via_grid cols_1 laptops-cols_inherit tablets-cols_inherit mobiles-cols_1 valign_top type_default stacking_default\"><div class=\"wpb_column vc_column_container\"><div class=\"vc_column-inner\"><h1 class=\"w-text us_custom_11ebf3ee has_text_color\"><span class=\"w-text-h\"><span class=\"w-text-value\">PROYECTOS DESTACADOS<\/span><\/span><\/h1><div class=\"w-separator size_medium\"><\/div><div class=\"g-cols wpb_row via_grid cols_2 laptops-cols_inherit tablets-cols_inherit mobiles-cols_1 valign_top type_default stacking_default\" style=\"--gap:0rem;\"><div class=\"wpb_column vc_column_container\"><div class=\"vc_column-inner\"><div class=\"w-ibanner us_custom_eb849559 animation_melete ratio_4x3 easing_ease\"><div class=\"w-ibanner-h\"><div class=\"w-ibanner-image\" style=\"background-image: url(https:\/\/neredo.cl\/wp-content\/uploads\/2024\/01\/inicio-13.jpg)\"><\/div><div class=\"w-ibanner-content\"><div class=\"w-ibanner-content-h\"><h1 class=\"w-ibanner-title\" style=\"font-size:36px;\">CASA GREGORIAN ESTRUCTURA MADERA<\/h1><div class=\"w-ibanner-desc\"><p>VER M\u00c1S<\/p>\n<\/div><\/div><\/div><\/div><a href=\"\/index.php\/casa-georgian-madera\/\" aria-label=\"CASA GREGORIAN ESTRUCTURA MADERA\"><\/a><\/div><div class=\"w-ibanner us_custom_eb849559 animation_melete ratio_4x3 easing_ease\"><div class=\"w-ibanner-h\"><div class=\"w-ibanner-image\" style=\"background-image: url(https:\/\/neredo.cl\/wp-content\/uploads\/2024\/01\/Americana-estructura-medera-Talagante-410-m2.jpg)\"><\/div><div class=\"w-ibanner-content\"><div class=\"w-ibanner-content-h\"><h1 class=\"w-ibanner-title\" style=\"font-size:36px;\">CASA AMERICANA ESTRUCTURA MADERA EN TALAGANTE<\/h1><div class=\"w-ibanner-desc\"><p>VER M\u00c1S<\/p>\n<\/div><\/div><\/div><\/div><a href=\"\/index.php\/casa-americana-estructura-madera\/\" aria-label=\"CASA AMERICANA ESTRUCTURA MADERA EN TALAGANTE\"><\/a><\/div><\/div><\/div><div class=\"wpb_column vc_column_container\"><div class=\"vc_column-inner\"><div class=\"w-ibanner us_custom_eb849559 animation_melete ratio_4x3 easing_ease\"><div class=\"w-ibanner-h\"><div class=\"w-ibanner-image\" style=\"background-image: url(https:\/\/neredo.cl\/wp-content\/uploads\/2024\/02\/CASA-AMERICANA.png)\"><\/div><div class=\"w-ibanner-content\"><div class=\"w-ibanner-content-h\"><h1 class=\"w-ibanner-title\" style=\"font-size:36px;\">CASA AMERICANA ESTRUCTURA ACERO GALVANIZADO CHICUREO<\/h1><div class=\"w-ibanner-desc\"><p>VER M\u00c1S<\/p>\n<\/div><\/div><\/div><\/div><a href=\"\/index.php\/casa-americana-estructura-acero-galvanizado-chicureo\/\" aria-label=\"CASA AMERICANA ESTRUCTURA ACERO GALVANIZADO CHICUREO\"><\/a><\/div><div class=\"w-ibanner us_custom_eb849559 animation_melete ratio_4x3 easing_ease\"><div class=\"w-ibanner-h\"><div class=\"w-ibanner-image\" style=\"background-image: url(https:\/\/neredo.cl\/wp-content\/uploads\/2024\/01\/inicio-17.jpg)\"><\/div><div class=\"w-ibanner-content\"><div class=\"w-ibanner-content-h\"><h1 class=\"w-ibanner-title\" style=\"font-size:36px;\">CASA AMERICANA ESTRUCTURA ACERO<\/h1><div class=\"w-ibanner-desc\"><p>VER M\u00c1S<\/p>\n<\/div><\/div><\/div><\/div><a href=\"\/index.php\/casa-americana-acero-galvanizado\/\" aria-label=\"CASA AMERICANA ESTRUCTURA ACERO\"><\/a><\/div><\/div><\/div><\/div><div class=\"w-separator size_medium\"><\/div><h4 class=\"w-text us_custom_894884fe has_text_color\"><a href=\"\/index.php\/proyectos\/\" class=\"w-text-h\"><span class=\"w-text-value\">VER TODOS LOS PROYECTOS<\/span><\/a><\/h4><\/div><\/div><\/div><\/div><\/section><section class=\"l-section wpb_row us_custom_8cd4af33 height_custom\"><div class=\"l-section-h i-cf\"><div class=\"g-cols vc_row via_grid cols_1 laptops-cols_inherit tablets-cols_inherit mobiles-cols_1 valign_top type_default stacking_default\"><div class=\"wpb_column vc_column_container\"><div class=\"vc_column-inner\"><div class=\"w-image us_custom_f58a0cb9 align_center\"><div class=\"w-image-h\"><img decoding=\"async\" width=\"1024\" height=\"491\" src=\"https:\/\/neredo.cl\/wp-content\/uploads\/2024\/02\/REDISENO-NEREDO-05-1024x491.png\" class=\"attachment-large size-large\" alt=\"\" loading=\"lazy\" srcset=\"https:\/\/neredo.cl\/wp-content\/uploads\/2024\/02\/REDISENO-NEREDO-05-1024x491.png 1024w, https:\/\/neredo.cl\/wp-content\/uploads\/2024\/02\/REDISENO-NEREDO-05-300x144.png 300w, https:\/\/neredo.cl\/wp-content\/uploads\/2024\/02\/REDISENO-NEREDO-05-1536x736.png 1536w, https:\/\/neredo.cl\/wp-content\/uploads\/2024\/02\/REDISENO-NEREDO-05-600x288.png 600w\" sizes=\"auto, (max-width: 1024px) 100vw, 1024px\" \/><\/div><\/div><h1 class=\"w-text us_custom_1f2b2ced has_text_color\" id=\"cuentanos\"><span class=\"w-text-h\"><span class=\"w-text-value\">CU\u00c9NTANOS CU\u00c1L ES TU PROYECTO<\/span><\/span><\/h1><div class=\"w-text us_custom_49769521 has_text_color\"><span class=\"w-text-h\"><span class=\"w-text-value\">NOSOTROS LO HAREMOS POSIBLE<\/span><\/span><\/div><div class=\"w-separator size_small\"><\/div><h4 class=\"w-text us_custom_1be23295 has_text_color no_text\"><span class=\"w-text-h\"><span class=\"w-text-value\"><\/span><\/span><\/h4><div class=\"g-cols wpb_row via_grid cols_2 laptops-cols_inherit tablets-cols_inherit mobiles-cols_1 valign_middle type_default stacking_default\" style=\"--gap:3rem;\"><div class=\"wpb_column vc_column_container\"><div class=\"vc_column-inner\"><div class=\"w-hwrapper valign_top align_none\" style=\"--hwrapper-gap:3rem\"><div class=\"w-image align_none\"><a href=\"https:\/\/api.whatsapp.com\/send?phone=56990898662\" aria-label=\"REDISE\u00d1O_NEREDO-084-removebg-preview\" class=\"w-image-h\"><img decoding=\"async\" width=\"1005\" height=\"248\" src=\"https:\/\/neredo.cl\/wp-content\/uploads\/2024\/02\/REDISENO_NEREDO-084-removebg-preview.png\" class=\"attachment-full size-full\" alt=\"\" loading=\"lazy\" srcset=\"https:\/\/neredo.cl\/wp-content\/uploads\/2024\/02\/REDISENO_NEREDO-084-removebg-preview.png 1005w, https:\/\/neredo.cl\/wp-content\/uploads\/2024\/02\/REDISENO_NEREDO-084-removebg-preview-300x74.png 300w, https:\/\/neredo.cl\/wp-content\/uploads\/2024\/02\/REDISENO_NEREDO-084-removebg-preview-600x148.png 600w\" sizes=\"auto, (max-width: 1005px) 100vw, 1005px\" \/><\/a><\/div><div class=\"w-image align_right\" id=\"efecto\"><a href=\"https:\/\/api.whatsapp.com\/send?phone=56990898662\" aria-label=\"REDISE\u00d1O NEREDO Opcion 2-11\" class=\"w-image-h\"><img decoding=\"async\" width=\"376\" height=\"320\" src=\"https:\/\/neredo.cl\/wp-content\/uploads\/2024\/01\/REDISENO-NEREDO-Opcion-2-11.png\" class=\"attachment-large size-large\" alt=\"\" loading=\"lazy\" srcset=\"https:\/\/neredo.cl\/wp-content\/uploads\/2024\/01\/REDISENO-NEREDO-Opcion-2-11.png 376w, https:\/\/neredo.cl\/wp-content\/uploads\/2024\/01\/REDISENO-NEREDO-Opcion-2-11-300x255.png 300w\" sizes=\"auto, (max-width: 376px) 100vw, 376px\" \/><\/a><\/div><\/div><div class=\"w-separator size_small\"><\/div><div class=\"w-separator size_small\"><\/div><div class=\"w-hwrapper valign_top align_none\" style=\"--hwrapper-gap:3rem\"><div class=\"w-image align_right\"><a href=\"\/index.php\/contacto\/\" aria-label=\"REDISE\u00d1O_NEREDO-08y64rt-removebg-preview\" class=\"w-image-h\"><img decoding=\"async\" width=\"1002\" height=\"249\" src=\"https:\/\/neredo.cl\/wp-content\/uploads\/2024\/02\/REDISENO_NEREDO-08y64rt-removebg-preview.png\" class=\"attachment-full size-full\" alt=\"\" loading=\"lazy\" srcset=\"https:\/\/neredo.cl\/wp-content\/uploads\/2024\/02\/REDISENO_NEREDO-08y64rt-removebg-preview.png 1002w, https:\/\/neredo.cl\/wp-content\/uploads\/2024\/02\/REDISENO_NEREDO-08y64rt-removebg-preview-300x75.png 300w, https:\/\/neredo.cl\/wp-content\/uploads\/2024\/02\/REDISENO_NEREDO-08y64rt-removebg-preview-600x149.png 600w\" sizes=\"auto, (max-width: 1002px) 100vw, 1002px\" \/><\/a><\/div><div class=\"w-image align_right\" id=\"efecto\"><a href=\"\/index.php\/contacto\/\" aria-label=\"REDISE\u00d1O NEREDO Opcion 2-11\" class=\"w-image-h\"><img decoding=\"async\" width=\"376\" height=\"320\" src=\"https:\/\/neredo.cl\/wp-content\/uploads\/2024\/01\/REDISENO-NEREDO-Opcion-2-11.png\" class=\"attachment-large size-large\" alt=\"\" loading=\"lazy\" srcset=\"https:\/\/neredo.cl\/wp-content\/uploads\/2024\/01\/REDISENO-NEREDO-Opcion-2-11.png 376w, https:\/\/neredo.cl\/wp-content\/uploads\/2024\/01\/REDISENO-NEREDO-Opcion-2-11-300x255.png 300w\" sizes=\"auto, (max-width: 376px) 100vw, 376px\" \/><\/a><\/div><\/div><\/div><\/div><div class=\"wpb_column vc_column_container\"><div class=\"vc_column-inner\"><h1 class=\"w-text us_custom_b7eacf93 has_text_color\"><span class=\"w-text-h\"><span class=\"w-text-value\">CONT\u00c1CTANOS<\/span><\/span><\/h1><h6 class=\"w-text us_custom_eef7a0e7 has_text_color\"><span class=\"w-text-h\"><span class=\"w-text-value\">Env\u00edanos un mensaje, te responderemos a la brevedad.<\/span><\/span><\/h6><form class=\"w-form  layout_ver for_cform us_form_1\" autocomplete=\"off\" action=\"https:\/\/neredo.cl\/index.php\/wp-json\/wp\/v2\/pages\/6635\" method=\"post\"><div class=\"w-form-h\"><div class=\"w-form-row for_text cols_2\">\r\n\t\t<div class=\"w-form-row-field\">\r\n\t\t\t\t\t\t<input aria-label=\"INGRESE SU NOMBRE\" type=\"text\" name=\"us_form_1_text_1\" value placeholder=\"INGRESE SU NOMBRE\"\/>\r\n\t\t\t<\/div>\r\n\t\t<div class=\"w-form-row-state\">Rellena este campo<\/div>\r\n<\/div>\r\n<div class=\"w-form-row for_email cols_2\">\r\n\t\t<div class=\"w-form-row-field\">\r\n\t\t\t\t\t\t<input aria-label=\"INGRESE SU E-MAIL\" type=\"email\" name=\"us_form_1_email_1\" value placeholder=\"INGRESE SU E-MAIL\"\/>\r\n\t\t\t<\/div>\r\n\t\t<div class=\"w-form-row-state\">Por favor, introduce una direcci\u00f3n de correo electr\u00f3nico v\u00e1lida.<\/div>\r\n<\/div>\r\n<div class=\"w-form-row for_text cols_2\">\r\n\t\t<div class=\"w-form-row-field\">\r\n\t\t\t\t\t\t<input aria-label=\"INGRESE SU TEL\u00c9FONO\" inputmode=\"numeric\" type=\"text\" name=\"us_form_1_text_2\" value placeholder=\"INGRESE SU TEL\u00c9FONO\"\/>\r\n\t\t\t<\/div>\r\n\t\t<div class=\"w-form-row-state\">Rellena este campo<\/div>\r\n<\/div>\r\n<div class=\"w-form-row for_text cols_2\">\r\n\t\t<div class=\"w-form-row-field\">\r\n\t\t\t\t\t\t<input aria-label=\"INDIQUE D\u00d3NDE QUIERE CONSTRUIR\" type=\"text\" name=\"us_form_1_text_3\" value placeholder=\"INDIQUE D\u00d3NDE QUIERE CONSTRUIR\"\/>\r\n\t\t\t<\/div>\r\n\t\t<div class=\"w-form-row-state\">Rellena este campo<\/div>\r\n<\/div>\r\n<div class=\"w-form-row for_textarea\">\r\n\t\t<div class=\"w-form-row-field\">\r\n\t\t\t\t\t\t<textarea aria-label=\"INGRESE SU COMENTARIO O MENSAJE\" name=\"us_form_1_textarea_1\" placeholder=\"INGRESE SU COMENTARIO O MENSAJE\"><\/textarea>\r\n\t\t\t<\/div>\r\n\t\t<div class=\"w-form-row-state\">Rellena este campo<\/div>\r\n<\/div>\r\n<input type=\"hidden\" name=\"action\" value=\"us_ajax_cform\" \/>\r\n<input type=\"hidden\" name=\"post_id\" value=\"0\" \/>\r\n<input type=\"hidden\" name=\"form_index\" value=\"1\" \/>\r\n<div class=\"w-form-row for_submit align_center\">\r\n\t<button class=\"w-btn  us-btn-style_1\" aria-label=\"ENVIAR\" type=\"submit\" style=\"font-size:16px;\">\r\n\t\t<span class=\"g-preloader type_1\"><\/span>\r\n\t\t\t\t<span class=\"w-btn-label\">ENVIAR<\/span>\r\n\t\t\t<\/button>\r\n\t<\/div>\r\n<\/div><div class=\"w-form-message\"><\/div><div class=\"w-form-json hidden\" onclick='return {&quot;ajaxurl&quot;:&quot;https:\\\/\\\/neredo.cl\\\/wp-admin\\\/admin-ajax.php&quot;,&quot;messages&quot;:{&quot;err_empty&quot;:&quot;Rellena este campo&quot;,&quot;err_size&quot;:&quot;El tama\\u00f1o del archivo no puede exceder %s MB&quot;,&quot;err_extension&quot;:&quot;El tipo de archivo %s no est\\u00e1 permitido&quot;}}'><\/div><\/form><\/div><\/div><\/div><\/div><\/div><\/div><\/div><\/section>\n","protected":false},"excerpt":{"rendered":"ProcesoPuedes contar con nosotros, somos expertos con m\u00e1s de 30 a\u00f1os de experiencia Haz realidad lo que tienes en mente con nosotros. Cont\u00e1ctanos para que nos juntemos a conversar. Es importante que tengas claro d\u00f3nde quieres construir, qu\u00e9 estilo de casa buscas, el tama\u00f1o de \u00e9sta y c\u00f3mo quieres financiar tu producto. Nosotros responderemos tus...","protected":false},"author":3,"featured_media":0,"parent":0,"menu_order":0,"comment_status":"closed","ping_status":"closed","template":"","meta":{"footnotes":""},"class_list":["post-6635","page","type-page","status-publish","hentry"],"yoast_head":"<!-- This site is optimized with the Yoast SEO plugin v26.3 - https:\/\/yoast.com\/wordpress\/plugins\/seo\/ -->\n<title>Neredo Constructora - Somos expertos en hacer realidad tus sue\u00f1os<\/title>\n<meta name=\"robots\" content=\"index, follow, max-snippet:-1, max-image-preview:large, max-video-preview:-1\" \/>\n<link rel=\"canonical\" href=\"https:\/\/neredo.cl\/\" \/>\n<meta property=\"og:locale\" content=\"es_ES\" \/>\n<meta property=\"og:type\" content=\"article\" \/>\n<meta property=\"og:title\" content=\"Neredo Constructora - Somos expertos en hacer realidad tus sue\u00f1os\" \/>\n<meta property=\"og:url\" content=\"https:\/\/neredo.cl\/\" \/>\n<meta property=\"og:site_name\" content=\"Neredo Constructora\" \/>\n<meta property=\"article:modified_time\" content=\"2025-11-05T17:24:57+00:00\" \/>\n<meta name=\"twitter:card\" content=\"summary_large_image\" \/>\n<meta name=\"twitter:label1\" content=\"Tiempo de lectura\" \/>\n\t<meta name=\"twitter:data1\" content=\"2 minutos\" \/>\n<script type=\"application\/ld+json\" class=\"yoast-schema-graph\">{\"@context\":\"https:\/\/schema.org\",\"@graph\":[{\"@type\":\"WebPage\",\"@id\":\"https:\/\/neredo.cl\/\",\"url\":\"https:\/\/neredo.cl\/\",\"name\":\"Neredo Constructora - Somos expertos en hacer realidad tus sue\u00f1os\",\"isPartOf\":{\"@id\":\"https:\/\/neredo.cl\/#website\"},\"datePublished\":\"2019-05-10T14:40:15+00:00\",\"dateModified\":\"2025-11-05T17:24:57+00:00\",\"breadcrumb\":{\"@id\":\"https:\/\/neredo.cl\/#breadcrumb\"},\"inLanguage\":\"es\",\"potentialAction\":[{\"@type\":\"ReadAction\",\"target\":[\"https:\/\/neredo.cl\/\"]}]},{\"@type\":\"BreadcrumbList\",\"@id\":\"https:\/\/neredo.cl\/#breadcrumb\",\"itemListElement\":[{\"@type\":\"ListItem\",\"position\":1,\"name\":\"Portada\",\"item\":\"https:\/\/neredo.cl\/\"},{\"@type\":\"ListItem\",\"position\":2,\"name\":\"Inicio\"}]},{\"@type\":\"WebSite\",\"@id\":\"https:\/\/neredo.cl\/#website\",\"url\":\"https:\/\/neredo.cl\/\",\"name\":\"Neredo Constructora\",\"description\":\"Somos expertos en hacer realidad tus sue\u00f1os\",\"publisher\":{\"@id\":\"https:\/\/neredo.cl\/#organization\"},\"potentialAction\":[{\"@type\":\"SearchAction\",\"target\":{\"@type\":\"EntryPoint\",\"urlTemplate\":\"https:\/\/neredo.cl\/?s={search_term_string}\"},\"query-input\":{\"@type\":\"PropertyValueSpecification\",\"valueRequired\":true,\"valueName\":\"search_term_string\"}}],\"inLanguage\":\"es\"},{\"@type\":\"Organization\",\"@id\":\"https:\/\/neredo.cl\/#organization\",\"name\":\"Neredo Constructora\",\"url\":\"https:\/\/neredo.cl\/\",\"logo\":{\"@type\":\"ImageObject\",\"inLanguage\":\"es\",\"@id\":\"https:\/\/neredo.cl\/#\/schema\/logo\/image\/\",\"url\":\"https:\/\/neredo.cl\/wp-content\/uploads\/2017\/07\/REDISENO-NEREDO-22.jpg\",\"contentUrl\":\"https:\/\/neredo.cl\/wp-content\/uploads\/2017\/07\/REDISENO-NEREDO-22.jpg\",\"width\":2112,\"height\":1069,\"caption\":\"Neredo Constructora\"},\"image\":{\"@id\":\"https:\/\/neredo.cl\/#\/schema\/logo\/image\/\"},\"sameAs\":[\"https:\/\/www.instagram.com\/constructoraneredo\"]}]}<\/script>\n<!-- \/ Yoast SEO plugin. -->","yoast_head_json":{"title":"Neredo Constructora - Somos expertos en hacer realidad tus sue\u00f1os","robots":{"index":"index","follow":"follow","max-snippet":"max-snippet:-1","max-image-preview":"max-image-preview:large","max-video-preview":"max-video-preview:-1"},"canonical":"https:\/\/neredo.cl\/","og_locale":"es_ES","og_type":"article","og_title":"Neredo Constructora - Somos expertos en hacer realidad tus sue\u00f1os","og_url":"https:\/\/neredo.cl\/","og_site_name":"Neredo Constructora","article_modified_time":"2025-11-05T17:24:57+00:00","twitter_card":"summary_large_image","twitter_misc":{"Tiempo de lectura":"2 minutos"},"schema":{"@context":"https:\/\/schema.org","@graph":[{"@type":"WebPage","@id":"https:\/\/neredo.cl\/","url":"https:\/\/neredo.cl\/","name":"Neredo Constructora - Somos expertos en hacer realidad tus sue\u00f1os","isPartOf":{"@id":"https:\/\/neredo.cl\/#website"},"datePublished":"2019-05-10T14:40:15+00:00","dateModified":"2025-11-05T17:24:57+00:00","breadcrumb":{"@id":"https:\/\/neredo.cl\/#breadcrumb"},"inLanguage":"es","potentialAction":[{"@type":"ReadAction","target":["https:\/\/neredo.cl\/"]}]},{"@type":"BreadcrumbList","@id":"https:\/\/neredo.cl\/#breadcrumb","itemListElement":[{"@type":"ListItem","position":1,"name":"Portada","item":"https:\/\/neredo.cl\/"},{"@type":"ListItem","position":2,"name":"Inicio"}]},{"@type":"WebSite","@id":"https:\/\/neredo.cl\/#website","url":"https:\/\/neredo.cl\/","name":"Neredo Constructora","description":"Somos expertos en hacer realidad tus sue\u00f1os","publisher":{"@id":"https:\/\/neredo.cl\/#organization"},"potentialAction":[{"@type":"SearchAction","target":{"@type":"EntryPoint","urlTemplate":"https:\/\/neredo.cl\/?s={search_term_string}"},"query-input":{"@type":"PropertyValueSpecification","valueRequired":true,"valueName":"search_term_string"}}],"inLanguage":"es"},{"@type":"Organization","@id":"https:\/\/neredo.cl\/#organization","name":"Neredo Constructora","url":"https:\/\/neredo.cl\/","logo":{"@type":"ImageObject","inLanguage":"es","@id":"https:\/\/neredo.cl\/#\/schema\/logo\/image\/","url":"https:\/\/neredo.cl\/wp-content\/uploads\/2017\/07\/REDISENO-NEREDO-22.jpg","contentUrl":"https:\/\/neredo.cl\/wp-content\/uploads\/2017\/07\/REDISENO-NEREDO-22.jpg","width":2112,"height":1069,"caption":"Neredo Constructora"},"image":{"@id":"https:\/\/neredo.cl\/#\/schema\/logo\/image\/"},"sameAs":["https:\/\/www.instagram.com\/constructoraneredo"]}]}},"_links":{"self":[{"href":"https:\/\/neredo.cl\/index.php\/wp-json\/wp\/v2\/pages\/6635","targetHints":{"allow":["GET"]}}],"collection":[{"href":"https:\/\/neredo.cl\/index.php\/wp-json\/wp\/v2\/pages"}],"about":[{"href":"https:\/\/neredo.cl\/index.php\/wp-json\/wp\/v2\/types\/page"}],"author":[{"embeddable":true,"href":"https:\/\/neredo.cl\/index.php\/wp-json\/wp\/v2\/users\/3"}],"replies":[{"embeddable":true,"href":"https:\/\/neredo.cl\/index.php\/wp-json\/wp\/v2\/comments?post=6635"}],"version-history":[{"count":222,"href":"https:\/\/neredo.cl\/index.php\/wp-json\/wp\/v2\/pages\/6635\/revisions"}],"predecessor-version":[{"id":11281,"href":"https:\/\/neredo.cl\/index.php\/wp-json\/wp\/v2\/pages\/6635\/revisions\/11281"}],"wp:attachment":[{"href":"https:\/\/neredo.cl\/index.php\/wp-json\/wp\/v2\/media?parent=6635"}],"curies":[{"name":"wp","href":"https:\/\/api.w.org\/{rel}","templated":true}]}}