{"id":9104,"date":"2023-03-21T20:00:20","date_gmt":"2023-03-21T20:00:20","guid":{"rendered":"http:\/\/bioplagas.srtv.cl\/?page_id=9104"},"modified":"2024-02-28T15:14:08","modified_gmt":"2024-02-28T15:14:08","slug":"empresa","status":"publish","type":"page","link":"https:\/\/neredo.cl\/index.php\/empresa\/","title":{"rendered":"Nosotros"},"content":{"rendered":"<section class=\"l-section wpb_row height_small\"><div class=\"l-section-h i-cf\"><div class=\"g-cols vc_row via_grid cols_1 laptops-cols_inherit tablets-cols_inherit mobiles-cols_1 valign_top type_default stacking_default\"><div class=\"wpb_column vc_column_container\"><div class=\"vc_column-inner\"><h1 class=\"w-text us_custom_f87ac0dc has_text_color\"><span class=\"w-text-h\"><span class=\"w-text-value\">NOSOTROS<\/span><\/span><\/h1><div class=\"w-separator size_small\"><\/div><\/div><\/div><\/div><\/div><\/section><section class=\"l-section wpb_row height_auto\"><div class=\"l-section-h i-cf\"><div class=\"g-cols vc_row via_grid cols_3 laptops-cols_inherit tablets-cols_inherit mobiles-cols_1 valign_top type_default stacking_default\"><div class=\"wpb_column vc_column_container\"><div class=\"vc_column-inner\"><div class=\"w-iconbox iconpos_top style_default color_primary align_center icontype_img\"><div class=\"w-iconbox-icon\" style=\"font-size:100px;\"><img loading=\"lazy\" decoding=\"async\" width=\"1042\" height=\"1042\" src=\"https:\/\/neredo.cl\/wp-content\/uploads\/2024\/02\/ICONOS-NEREDO-VERDE-02.png\" class=\"attachment-full size-full\" alt=\"\" srcset=\"https:\/\/neredo.cl\/wp-content\/uploads\/2024\/02\/ICONOS-NEREDO-VERDE-02.png 1042w, https:\/\/neredo.cl\/wp-content\/uploads\/2024\/02\/ICONOS-NEREDO-VERDE-02-300x300.png 300w, https:\/\/neredo.cl\/wp-content\/uploads\/2024\/02\/ICONOS-NEREDO-VERDE-02-1024x1024.png 1024w, https:\/\/neredo.cl\/wp-content\/uploads\/2024\/02\/ICONOS-NEREDO-VERDE-02-150x150.png 150w, https:\/\/neredo.cl\/wp-content\/uploads\/2024\/02\/ICONOS-NEREDO-VERDE-02-600x600.png 600w\" sizes=\"auto, (max-width: 1042px) 100vw, 1042px\" \/><\/div><div class=\"w-iconbox-meta\"><h4 class=\"w-iconbox-title\">House Design<\/h4><div class=\"w-iconbox-text\"><p>Nuestro proceso permite mayor libertad creativa en tu proyecto, con un tiempo de ejecuci\u00f3n menor.<\/p>\n<\/div><\/div><\/div><\/div><\/div><div class=\"wpb_column vc_column_container\"><div class=\"vc_column-inner\"><div class=\"w-iconbox iconpos_top style_default color_primary align_center icontype_img\"><div class=\"w-iconbox-icon\" style=\"font-size:100px;\"><img loading=\"lazy\" decoding=\"async\" width=\"1042\" height=\"1042\" src=\"https:\/\/neredo.cl\/wp-content\/uploads\/2024\/02\/ICONOS-NEREDO-VERDE-03.png\" class=\"attachment-full size-full\" alt=\"\" srcset=\"https:\/\/neredo.cl\/wp-content\/uploads\/2024\/02\/ICONOS-NEREDO-VERDE-03.png 1042w, https:\/\/neredo.cl\/wp-content\/uploads\/2024\/02\/ICONOS-NEREDO-VERDE-03-300x300.png 300w, https:\/\/neredo.cl\/wp-content\/uploads\/2024\/02\/ICONOS-NEREDO-VERDE-03-1024x1024.png 1024w, https:\/\/neredo.cl\/wp-content\/uploads\/2024\/02\/ICONOS-NEREDO-VERDE-03-150x150.png 150w, https:\/\/neredo.cl\/wp-content\/uploads\/2024\/02\/ICONOS-NEREDO-VERDE-03-600x600.png 600w\" sizes=\"auto, (max-width: 1042px) 100vw, 1042px\" \/><\/div><div class=\"w-iconbox-meta\"><h4 class=\"w-iconbox-title\">Tecnolog\u00eda<\/h4><div class=\"w-iconbox-text\"><p>Estamos en una constante investigaci\u00f3n y desarrollo de nuevas tecnolog\u00edas para construir tu proyecto.<\/p>\n<\/div><\/div><\/div><\/div><\/div><div class=\"wpb_column vc_column_container\"><div class=\"vc_column-inner\"><div class=\"w-iconbox iconpos_top style_default color_primary align_center icontype_img\"><div class=\"w-iconbox-icon\" style=\"font-size:100px;\"><img loading=\"lazy\" decoding=\"async\" width=\"1042\" height=\"1042\" src=\"https:\/\/neredo.cl\/wp-content\/uploads\/2024\/02\/ICONOS-NEREDO-VERDE_Mesa-de-trabajo-1.png\" class=\"attachment-full size-full\" alt=\"\" srcset=\"https:\/\/neredo.cl\/wp-content\/uploads\/2024\/02\/ICONOS-NEREDO-VERDE_Mesa-de-trabajo-1.png 1042w, https:\/\/neredo.cl\/wp-content\/uploads\/2024\/02\/ICONOS-NEREDO-VERDE_Mesa-de-trabajo-1-300x300.png 300w, https:\/\/neredo.cl\/wp-content\/uploads\/2024\/02\/ICONOS-NEREDO-VERDE_Mesa-de-trabajo-1-1024x1024.png 1024w, https:\/\/neredo.cl\/wp-content\/uploads\/2024\/02\/ICONOS-NEREDO-VERDE_Mesa-de-trabajo-1-150x150.png 150w, https:\/\/neredo.cl\/wp-content\/uploads\/2024\/02\/ICONOS-NEREDO-VERDE_Mesa-de-trabajo-1-600x600.png 600w\" sizes=\"auto, (max-width: 1042px) 100vw, 1042px\" \/><\/div><div class=\"w-iconbox-meta\"><h4 class=\"w-iconbox-title\">Estamos contigo<\/h4><div class=\"w-iconbox-text\"><p>Deja tus tr\u00e1mites en nuestras manos y recibe asesor\u00eda en materia de legislaci\u00f3n en construcci\u00f3n.<\/p>\n<\/div><\/div><\/div><\/div><\/div><\/div><\/div><\/section><section class=\"l-section wpb_row height_auto\"><div class=\"l-section-h i-cf\"><div class=\"g-cols vc_row via_grid cols_1 laptops-cols_inherit tablets-cols_inherit mobiles-cols_1 valign_top type_default stacking_default\"><div class=\"wpb_column vc_column_container\"><div class=\"vc_column-inner\"><div class=\"g-cols wpb_row via_grid cols_1 laptops-cols_inherit tablets-cols_inherit mobiles-cols_1 valign_top type_default stacking_default\" style=\"--gap:3rem;\"><div class=\"wpb_column vc_column_container\"><div class=\"vc_column-inner\"><div class=\"w-separator size_small with_line width_default thick_1 style_solid color_text align_center\"><div class=\"w-separator-h\"><\/div><\/div><\/div><\/div><\/div><\/div><\/div><\/div><\/div><\/section><section class=\"l-section wpb_row height_auto\"><div class=\"l-section-h i-cf\"><div class=\"g-cols vc_row via_grid cols_2-3 laptops-cols_inherit tablets-cols_inherit mobiles-cols_1 valign_middle type_default stacking_default\"><div class=\"wpb_column vc_column_container\"><div class=\"vc_column-inner\"><div class=\"w-image has_ratio align_none\"><div class=\"w-image-h\"><div style=\"padding-bottom:75%\"><\/div><img decoding=\"async\" width=\"480\" height=\"320\" src=\"https:\/\/neredo.cl\/wp-content\/uploads\/2024\/01\/architecture-1857175_1920.jpg\" class=\"attachment-large size-large\" alt=\"\" loading=\"lazy\" \/><\/div><\/div><\/div><\/div><div class=\"wpb_column vc_column_container\"><div class=\"vc_column-inner\"><div class=\"wpb_text_column us_custom_432d3f53\"><div class=\"wpb_wrapper\"><p>El Grupo de Empresas Neredo es un referente en el sector de la construcci\u00f3n con m\u00e1s de tres d\u00e9cadas de experiencia. Nos especializamos en la planificaci\u00f3n y ejecuci\u00f3n de proyectos residenciales y vacacionales de primera categor\u00eda.<br \/>Desde sus inicios, la empresa ha sido dirigida de manera exclusiva por su fundador, lo que garantiza un compromiso y una atenci\u00f3n personalizada inigualables. Con un impresionante historial que abarca m\u00e1s de 900 casas construidas y 180.000 metros cuadrados realizados, hemos demostrado nuestra capacidad para cumplir con los m\u00e1s altos est\u00e1ndares de calidad.<\/p>\n<p>Como resultado de nuestra constante evoluci\u00f3n, hemos desarrollado una respuesta coherente a las exigencias cada vez m\u00e1s rigurosas del mercado. Nuestra pol\u00edtica de Calidad Total impulsa la innovaci\u00f3n, la satisfacci\u00f3n del cliente y la introducci\u00f3n de nuevos servicios.<\/p>\n<p>En este sentido, nuestras \u00e1reas de negocio abarcan una variedad de proyectos tales como:<br \/>-Casas Personalizadas<br \/>-Construcciones As\u00edsmicas<br \/>\u2013Proyectos Inmobiliarios<br \/>\u2013Casas Industrializadas<br \/>\u2013Galpones Industriales<\/p>\n<p>Estamos preparados para convertir en realidad cualquier proyecto que tengas en mente.<\/p>\n<p>\u00a0<\/p>\n<\/div><\/div><\/div><\/div><\/div><\/div><\/section><section class=\"l-section wpb_row height_small\"><div class=\"l-section-h i-cf\"><div class=\"g-cols vc_row via_grid cols_1 laptops-cols_inherit tablets-cols_inherit mobiles-cols_1 valign_top type_default stacking_default\"><div class=\"wpb_column vc_column_container\"><div class=\"vc_column-inner\"><\/div><\/div><\/div><\/div><\/section><section class=\"l-section wpb_row height_auto width_full\"><div class=\"l-section-h i-cf\"><div class=\"g-cols vc_row via_grid cols_2 laptops-cols_inherit tablets-cols_inherit mobiles-cols_1 valign_middle type_default stacking_default\" style=\"--gap:0rem;\"><div class=\"wpb_column vc_column_container us_custom_40346cd2 has_bg_color\"><div class=\"vc_column-inner\"><div class=\"w-grid type_carousel layout_10563 cols_2 ratio_1x1\" id=\"us_grid_1\" style=\"--gap:30px;\"><style>#us_grid_1 .w-grid-item-h:before{padding-bottom:100%}.layout_10563 .w-grid-item-h:before{padding-bottom:100%}.layout_10563 .w-grid-item-h{}<\/style><div class=\"w-grid-list owl-carousel valign_stretch dotstyle_circle navstyle_2 navpos_inside owl-responsive-2000 with_arrows\" style=\"--transition-duration:350ms;--arrows-size:1.4rem;--arrows-offset:22px;\">\t<article class=\"w-grid-item post-10548 attachment type-attachment status-inherit hentry\" data-id=\"10548\">\r\n\t\t<div class=\"w-grid-item-h\">\r\n\t\t\t\t\t\t<div class=\"w-post-elm post_image usg_post_image_1 stretched\"><a href=\"https:\/\/neredo.cl\/11-ngmaderas-logos-proveedores\/\" aria-label=\"11-NGMaderas-Logos-proveedores\"><img loading=\"lazy\" decoding=\"async\" width=\"150\" height=\"150\" src=\"https:\/\/neredo.cl\/wp-content\/uploads\/2024\/01\/11-NGMaderas-Logos-proveedores.png\" class=\"attachment-full size-full\" alt=\"\" \/><\/a><\/div>\t\t<\/div>\r\n\t\t\t<\/article>\r\n\t<article class=\"w-grid-item post-10547 attachment type-attachment status-inherit hentry\" data-id=\"10547\">\r\n\t\t<div class=\"w-grid-item-h\">\r\n\t\t\t\t\t\t<div class=\"w-post-elm post_image usg_post_image_1 stretched\"><a href=\"https:\/\/neredo.cl\/10-venteko-logos-proveedores\/\" aria-label=\"10-Venteko-Logos-proveedores\"><img loading=\"lazy\" decoding=\"async\" width=\"150\" height=\"150\" src=\"https:\/\/neredo.cl\/wp-content\/uploads\/2024\/01\/10-Venteko-Logos-proveedores.png\" class=\"attachment-full size-full\" alt=\"\" \/><\/a><\/div>\t\t<\/div>\r\n\t\t\t<\/article>\r\n\t<article class=\"w-grid-item post-10546 attachment type-attachment status-inherit hentry\" data-id=\"10546\">\r\n\t\t<div class=\"w-grid-item-h\">\r\n\t\t\t\t\t\t<div class=\"w-post-elm post_image usg_post_image_1 stretched\"><a href=\"https:\/\/neredo.cl\/09-sto-logos-proveedores\/\" aria-label=\"09-STO-Logos-proveedores\"><img loading=\"lazy\" decoding=\"async\" width=\"150\" height=\"150\" src=\"https:\/\/neredo.cl\/wp-content\/uploads\/2024\/01\/09-STO-Logos-proveedores.png\" class=\"attachment-full size-full\" alt=\"\" \/><\/a><\/div>\t\t<\/div>\r\n\t\t\t<\/article>\r\n\t<article class=\"w-grid-item post-10545 attachment type-attachment status-inherit hentry\" data-id=\"10545\">\r\n\t\t<div class=\"w-grid-item-h\">\r\n\t\t\t\t\t\t<div class=\"w-post-elm post_image usg_post_image_1 stretched\"><a href=\"https:\/\/neredo.cl\/08-bticino-logos-proveedores\/\" aria-label=\"08-Bticino-Logos-proveedores\"><img loading=\"lazy\" decoding=\"async\" width=\"150\" height=\"150\" src=\"https:\/\/neredo.cl\/wp-content\/uploads\/2024\/01\/08-Bticino-Logos-proveedores.png\" class=\"attachment-full size-full\" alt=\"\" \/><\/a><\/div>\t\t<\/div>\r\n\t\t\t<\/article>\r\n\t<article class=\"w-grid-item post-10544 attachment type-attachment status-inherit hentry\" data-id=\"10544\">\r\n\t\t<div class=\"w-grid-item-h\">\r\n\t\t\t\t\t\t<div class=\"w-post-elm post_image usg_post_image_1 stretched\"><a href=\"https:\/\/neredo.cl\/07-dvp-logos-proveedores\/\" aria-label=\"07-DVP-Logos-proveedores\"><img loading=\"lazy\" decoding=\"async\" width=\"150\" height=\"150\" src=\"https:\/\/neredo.cl\/wp-content\/uploads\/2024\/01\/07-DVP-Logos-proveedores.png\" class=\"attachment-full size-full\" alt=\"\" \/><\/a><\/div>\t\t<\/div>\r\n\t\t\t<\/article>\r\n\t<article class=\"w-grid-item post-10543 attachment type-attachment status-inherit hentry\" data-id=\"10543\">\r\n\t\t<div class=\"w-grid-item-h\">\r\n\t\t\t\t\t\t<div class=\"w-post-elm post_image usg_post_image_1 stretched\"><a href=\"https:\/\/neredo.cl\/05-feltrex-logos-proveedores\/\" aria-label=\"05-Feltrex-Logos-proveedores\"><img loading=\"lazy\" decoding=\"async\" width=\"150\" height=\"150\" src=\"https:\/\/neredo.cl\/wp-content\/uploads\/2024\/01\/05-Feltrex-Logos-proveedores.png\" class=\"attachment-full size-full\" alt=\"\" \/><\/a><\/div>\t\t<\/div>\r\n\t\t\t<\/article>\r\n\t<article class=\"w-grid-item post-10542 attachment type-attachment status-inherit hentry\" data-id=\"10542\">\r\n\t\t<div class=\"w-grid-item-h\">\r\n\t\t\t\t\t\t<div class=\"w-post-elm post_image usg_post_image_1 stretched\"><a href=\"https:\/\/neredo.cl\/04-lp-logos-proveedores\/\" aria-label=\"04-LP-Logos-proveedores\"><img loading=\"lazy\" decoding=\"async\" width=\"150\" height=\"150\" src=\"https:\/\/neredo.cl\/wp-content\/uploads\/2024\/01\/04-LP-Logos-proveedores.png\" class=\"attachment-full size-full\" alt=\"\" \/><\/a><\/div>\t\t<\/div>\r\n\t\t\t<\/article>\r\n\t<article class=\"w-grid-item post-10541 attachment type-attachment status-inherit hentry\" data-id=\"10541\">\r\n\t\t<div class=\"w-grid-item-h\">\r\n\t\t\t\t\t\t<div class=\"w-post-elm post_image usg_post_image_1 stretched\"><a href=\"https:\/\/neredo.cl\/03-sanjoaquin-logos-proveedores\/\" aria-label=\"03-SanJoaquin-Logos-proveedores\"><img loading=\"lazy\" decoding=\"async\" width=\"150\" height=\"150\" src=\"https:\/\/neredo.cl\/wp-content\/uploads\/2024\/01\/03-SanJoaquin-Logos-proveedores.png\" class=\"attachment-full size-full\" alt=\"\" \/><\/a><\/div>\t\t<\/div>\r\n\t\t\t<\/article>\r\n\t<article class=\"w-grid-item post-10540 attachment type-attachment status-inherit hentry\" data-id=\"10540\">\r\n\t\t<div class=\"w-grid-item-h\">\r\n\t\t\t\t\t\t<div class=\"w-post-elm post_image usg_post_image_1 stretched\"><a href=\"https:\/\/neredo.cl\/02-transaco-logos-proveedores\/\" aria-label=\"02-Transaco-Logos-proveedores\"><img loading=\"lazy\" decoding=\"async\" width=\"150\" height=\"150\" src=\"https:\/\/neredo.cl\/wp-content\/uploads\/2024\/01\/02-Transaco-Logos-proveedores.png\" class=\"attachment-full size-full\" alt=\"\" \/><\/a><\/div>\t\t<\/div>\r\n\t\t\t<\/article>\r\n\t<article class=\"w-grid-item post-10538 attachment type-attachment status-inherit hentry\" data-id=\"10538\">\r\n\t\t<div class=\"w-grid-item-h\">\r\n\t\t\t\t\t\t<div class=\"w-post-elm post_image usg_post_image_1 stretched\"><a href=\"https:\/\/neredo.cl\/01-volcan-logos-proveedores\/\" aria-label=\"01-Volcan-Logos-proveedores\"><img loading=\"lazy\" decoding=\"async\" width=\"150\" height=\"150\" src=\"https:\/\/neredo.cl\/wp-content\/uploads\/2024\/01\/01-Volcan-Logos-proveedores.png\" class=\"attachment-full size-full\" alt=\"\" \/><\/a><\/div>\t\t<\/div>\r\n\t\t\t<\/article>\r\n<\/div>\t<div class=\"g-preloader type_1\">\r\n\t\t<div><\/div>\r\n\t<\/div>\r\n\t\t<div class=\"w-grid-json hidden\" onclick='return {&quot;action&quot;:&quot;us_ajax_grid&quot;,&quot;infinite_scroll&quot;:0,&quot;max_num_pages&quot;:1,&quot;pagination&quot;:&quot;none&quot;,&quot;template_vars&quot;:{&quot;columns&quot;:&quot;&quot;,&quot;exclude_items&quot;:&quot;none&quot;,&quot;img_size&quot;:&quot;full&quot;,&quot;ignore_items_size&quot;:0,&quot;items_layout&quot;:&quot;10563&quot;,&quot;items_offset&quot;:&quot;0px&quot;,&quot;load_animation&quot;:&quot;none&quot;,&quot;overriding_link&quot;:&quot;{\\&quot;url\\&quot;:\\&quot;\\&quot;}&quot;,&quot;post_id&quot;:0,&quot;query_args&quot;:{&quot;post_type&quot;:[&quot;attachment&quot;],&quot;post__in&quot;:[&quot;10548&quot;,&quot;10547&quot;,&quot;10546&quot;,&quot;10545&quot;,&quot;10544&quot;,&quot;10543&quot;,&quot;10542&quot;,&quot;10541&quot;,&quot;10540&quot;,&quot;10538&quot;],&quot;post_status&quot;:&quot;inherit&quot;,&quot;post_mime_type&quot;:&quot;image&quot;,&quot;posts_per_page&quot;:&quot;10&quot;},&quot;orderby_query_args&quot;:{&quot;orderby&quot;:{&quot;date&quot;:&quot;DESC&quot;}},&quot;type&quot;:&quot;carousel&quot;,&quot;us_grid_post_type&quot;:&quot;attachment&quot;,&quot;us_grid_ajax_index&quot;:1,&quot;us_grid_filter_query_string&quot;:null,&quot;us_grid_index&quot;:1,&quot;page_args&quot;:[]},&quot;carousel_settings&quot;:{&quot;aria_labels&quot;:{&quot;prev&quot;:&quot;Anterior&quot;,&quot;next&quot;:&quot;Siguiente&quot;},&quot;autoplayContinual&quot;:false,&quot;autoplayHoverPause&quot;:false,&quot;autoplayTimeout&quot;:3000,&quot;fluidSpeed&quot;:350,&quot;margin&quot;:0,&quot;mouseDrag&quot;:true,&quot;rtl&quot;:false,&quot;slideBy&quot;:&quot;1&quot;,&quot;touchDrag&quot;:true,&quot;slideTransition&quot;:&quot;&quot;,&quot;responsive&quot;:{&quot;0&quot;:{&quot;autoHeight&quot;:false,&quot;autoplay&quot;:false,&quot;autoWidth&quot;:false,&quot;center&quot;:false,&quot;dots&quot;:false,&quot;items&quot;:1,&quot;loop&quot;:false,&quot;nav&quot;:false,&quot;stagePadding&quot;:0},&quot;601&quot;:{&quot;items&quot;:2,&quot;autoplay&quot;:true,&quot;center&quot;:false,&quot;dots&quot;:false,&quot;nav&quot;:true,&quot;autoHeight&quot;:false,&quot;autoWidth&quot;:false,&quot;loop&quot;:true,&quot;stagePadding&quot;:0}}}}'><\/div>\r\n\t<\/div><\/div><\/div><div class=\"wpb_column vc_column_container us_custom_025882ed has_bg_color\"><div class=\"vc_column-inner\"><div class=\"w-separator size_medium\"><\/div><div class=\"w-separator size_medium\"><\/div><div class=\"w-separator size_medium\"><\/div><h1 class=\"w-text us_custom_9bc58d44\"><span class=\"w-text-h\"><span class=\"w-text-value\">TRABAJAMOS SOLO CON LOS MEJORES.<\/span><\/span><\/h1><div class=\"w-separator size_medium\"><\/div><div class=\"w-separator size_medium\"><\/div><div class=\"w-btn-wrapper align_center\"><a class=\"w-btn us-btn-style_1 us_custom_4af52cd7\" href=\"\/index.php\/contacto\/\"><span class=\"w-btn-label\">CONT\u00c1CTANOS<\/span><\/a><\/div><div class=\"w-separator size_medium\"><\/div><div class=\"w-separator size_medium\"><\/div><\/div><\/div><\/div><\/div><\/section>\n","protected":false},"excerpt":{"rendered":"","protected":false},"author":3,"featured_media":0,"parent":0,"menu_order":0,"comment_status":"closed","ping_status":"closed","template":"","meta":{"footnotes":""},"class_list":["post-9104","page","type-page","status-publish","hentry"],"yoast_head":"<!-- This site is optimized with the Yoast SEO plugin v26.3 - https:\/\/yoast.com\/wordpress\/plugins\/seo\/ -->\n<title>Nosotros - Neredo Constructora<\/title>\n<meta name=\"robots\" content=\"index, follow, max-snippet:-1, max-image-preview:large, max-video-preview:-1\" \/>\n<link rel=\"canonical\" href=\"https:\/\/neredo.cl\/index.php\/empresa\/\" \/>\n<meta property=\"og:locale\" content=\"es_ES\" \/>\n<meta property=\"og:type\" content=\"article\" \/>\n<meta property=\"og:title\" content=\"Nosotros - Neredo Constructora\" \/>\n<meta property=\"og:url\" content=\"https:\/\/neredo.cl\/index.php\/empresa\/\" \/>\n<meta property=\"og:site_name\" content=\"Neredo Constructora\" \/>\n<meta property=\"article:modified_time\" content=\"2024-02-28T15:14:08+00:00\" \/>\n<meta name=\"twitter:card\" content=\"summary_large_image\" \/>\n<meta name=\"twitter:label1\" content=\"Tiempo de lectura\" \/>\n\t<meta name=\"twitter:data1\" content=\"3 minutos\" \/>\n<script type=\"application\/ld+json\" class=\"yoast-schema-graph\">{\"@context\":\"https:\/\/schema.org\",\"@graph\":[{\"@type\":\"WebPage\",\"@id\":\"https:\/\/neredo.cl\/index.php\/empresa\/\",\"url\":\"https:\/\/neredo.cl\/index.php\/empresa\/\",\"name\":\"Nosotros - Neredo Constructora\",\"isPartOf\":{\"@id\":\"https:\/\/neredo.cl\/#website\"},\"datePublished\":\"2023-03-21T20:00:20+00:00\",\"dateModified\":\"2024-02-28T15:14:08+00:00\",\"breadcrumb\":{\"@id\":\"https:\/\/neredo.cl\/index.php\/empresa\/#breadcrumb\"},\"inLanguage\":\"es\",\"potentialAction\":[{\"@type\":\"ReadAction\",\"target\":[\"https:\/\/neredo.cl\/index.php\/empresa\/\"]}]},{\"@type\":\"BreadcrumbList\",\"@id\":\"https:\/\/neredo.cl\/index.php\/empresa\/#breadcrumb\",\"itemListElement\":[{\"@type\":\"ListItem\",\"position\":1,\"name\":\"Portada\",\"item\":\"https:\/\/neredo.cl\/\"},{\"@type\":\"ListItem\",\"position\":2,\"name\":\"Nosotros\"}]},{\"@type\":\"WebSite\",\"@id\":\"https:\/\/neredo.cl\/#website\",\"url\":\"https:\/\/neredo.cl\/\",\"name\":\"Neredo Constructora\",\"description\":\"Somos expertos en hacer realidad tus sue\u00f1os\",\"publisher\":{\"@id\":\"https:\/\/neredo.cl\/#organization\"},\"potentialAction\":[{\"@type\":\"SearchAction\",\"target\":{\"@type\":\"EntryPoint\",\"urlTemplate\":\"https:\/\/neredo.cl\/?s={search_term_string}\"},\"query-input\":{\"@type\":\"PropertyValueSpecification\",\"valueRequired\":true,\"valueName\":\"search_term_string\"}}],\"inLanguage\":\"es\"},{\"@type\":\"Organization\",\"@id\":\"https:\/\/neredo.cl\/#organization\",\"name\":\"Neredo Constructora\",\"url\":\"https:\/\/neredo.cl\/\",\"logo\":{\"@type\":\"ImageObject\",\"inLanguage\":\"es\",\"@id\":\"https:\/\/neredo.cl\/#\/schema\/logo\/image\/\",\"url\":\"https:\/\/neredo.cl\/wp-content\/uploads\/2017\/07\/REDISENO-NEREDO-22.jpg\",\"contentUrl\":\"https:\/\/neredo.cl\/wp-content\/uploads\/2017\/07\/REDISENO-NEREDO-22.jpg\",\"width\":2112,\"height\":1069,\"caption\":\"Neredo Constructora\"},\"image\":{\"@id\":\"https:\/\/neredo.cl\/#\/schema\/logo\/image\/\"},\"sameAs\":[\"https:\/\/www.instagram.com\/constructoraneredo\"]}]}<\/script>\n<!-- \/ Yoast SEO plugin. -->","yoast_head_json":{"title":"Nosotros - Neredo Constructora","robots":{"index":"index","follow":"follow","max-snippet":"max-snippet:-1","max-image-preview":"max-image-preview:large","max-video-preview":"max-video-preview:-1"},"canonical":"https:\/\/neredo.cl\/index.php\/empresa\/","og_locale":"es_ES","og_type":"article","og_title":"Nosotros - Neredo Constructora","og_url":"https:\/\/neredo.cl\/index.php\/empresa\/","og_site_name":"Neredo Constructora","article_modified_time":"2024-02-28T15:14:08+00:00","twitter_card":"summary_large_image","twitter_misc":{"Tiempo de lectura":"3 minutos"},"schema":{"@context":"https:\/\/schema.org","@graph":[{"@type":"WebPage","@id":"https:\/\/neredo.cl\/index.php\/empresa\/","url":"https:\/\/neredo.cl\/index.php\/empresa\/","name":"Nosotros - Neredo Constructora","isPartOf":{"@id":"https:\/\/neredo.cl\/#website"},"datePublished":"2023-03-21T20:00:20+00:00","dateModified":"2024-02-28T15:14:08+00:00","breadcrumb":{"@id":"https:\/\/neredo.cl\/index.php\/empresa\/#breadcrumb"},"inLanguage":"es","potentialAction":[{"@type":"ReadAction","target":["https:\/\/neredo.cl\/index.php\/empresa\/"]}]},{"@type":"BreadcrumbList","@id":"https:\/\/neredo.cl\/index.php\/empresa\/#breadcrumb","itemListElement":[{"@type":"ListItem","position":1,"name":"Portada","item":"https:\/\/neredo.cl\/"},{"@type":"ListItem","position":2,"name":"Nosotros"}]},{"@type":"WebSite","@id":"https:\/\/neredo.cl\/#website","url":"https:\/\/neredo.cl\/","name":"Neredo Constructora","description":"Somos expertos en hacer realidad tus sue\u00f1os","publisher":{"@id":"https:\/\/neredo.cl\/#organization"},"potentialAction":[{"@type":"SearchAction","target":{"@type":"EntryPoint","urlTemplate":"https:\/\/neredo.cl\/?s={search_term_string}"},"query-input":{"@type":"PropertyValueSpecification","valueRequired":true,"valueName":"search_term_string"}}],"inLanguage":"es"},{"@type":"Organization","@id":"https:\/\/neredo.cl\/#organization","name":"Neredo Constructora","url":"https:\/\/neredo.cl\/","logo":{"@type":"ImageObject","inLanguage":"es","@id":"https:\/\/neredo.cl\/#\/schema\/logo\/image\/","url":"https:\/\/neredo.cl\/wp-content\/uploads\/2017\/07\/REDISENO-NEREDO-22.jpg","contentUrl":"https:\/\/neredo.cl\/wp-content\/uploads\/2017\/07\/REDISENO-NEREDO-22.jpg","width":2112,"height":1069,"caption":"Neredo Constructora"},"image":{"@id":"https:\/\/neredo.cl\/#\/schema\/logo\/image\/"},"sameAs":["https:\/\/www.instagram.com\/constructoraneredo"]}]}},"_links":{"self":[{"href":"https:\/\/neredo.cl\/index.php\/wp-json\/wp\/v2\/pages\/9104","targetHints":{"allow":["GET"]}}],"collection":[{"href":"https:\/\/neredo.cl\/index.php\/wp-json\/wp\/v2\/pages"}],"about":[{"href":"https:\/\/neredo.cl\/index.php\/wp-json\/wp\/v2\/types\/page"}],"author":[{"embeddable":true,"href":"https:\/\/neredo.cl\/index.php\/wp-json\/wp\/v2\/users\/3"}],"replies":[{"embeddable":true,"href":"https:\/\/neredo.cl\/index.php\/wp-json\/wp\/v2\/comments?post=9104"}],"version-history":[{"count":32,"href":"https:\/\/neredo.cl\/index.php\/wp-json\/wp\/v2\/pages\/9104\/revisions"}],"predecessor-version":[{"id":10817,"href":"https:\/\/neredo.cl\/index.php\/wp-json\/wp\/v2\/pages\/9104\/revisions\/10817"}],"wp:attachment":[{"href":"https:\/\/neredo.cl\/index.php\/wp-json\/wp\/v2\/media?parent=9104"}],"curies":[{"name":"wp","href":"https:\/\/api.w.org\/{rel}","templated":true}]}}