{"id":9428,"date":"2024-01-10T17:53:46","date_gmt":"2024-01-10T17:53:46","guid":{"rendered":"https:\/\/neredo.cl\/?page_id=9428"},"modified":"2024-02-20T18:06:11","modified_gmt":"2024-02-20T18:06:11","slug":"casas-mediterraneas","status":"publish","type":"page","link":"https:\/\/neredo.cl\/index.php\/casas-mediterraneas\/","title":{"rendered":"CASAS MEDITERRANEAS"},"content":{"rendered":"<section class=\"l-section wpb_row height_custom\"><div class=\"l-section-h i-cf\"><div class=\"g-cols vc_row via_grid cols_2-1 laptops-cols_inherit tablets-cols_inherit mobiles-cols_1 valign_top type_default stacking_default\"><div class=\"wpb_column vc_column_container\"><div class=\"vc_column-inner\"><h1 class=\"w-text us_custom_b7eacf93 has_text_color\"><span class=\"w-text-h\"><span class=\"w-text-value\">CASAS MEDITERR\u00c1NEAS<\/span><\/span><\/h1><div class=\"wpb_text_column us_custom_432d3f53\"><div class=\"wpb_wrapper\"><p style=\"text-align: JUSTIFY;\">En NEREDO constructora nos encantamos con el estilo mediterr\u00e1neo , siendo casas aisladas con distribuci\u00f3n horizontal. Por lo general, su cubierta es plana, y en algunos casos, con una pendiente leve. Una casa mediterr\u00e1nea se caracteriza fundamentalmente por:<\/p>\n<ul>\n<li>Simplicidad en su volumen.<\/li>\n<li>Fluidez entre los espacios.<\/li>\n<li>Espacios muy luminosos.<\/li>\n<li>Flexibilidad para su expansi\u00f3n<\/li>\n<\/ul>\n<div class=\"divtags\">\n<h1>Casas mediterr\u00e1neas<\/h1>\n<h1>Arquitectura mediterr\u00e1nea<\/h1>\n<h1>Dise\u00f1o mediterr\u00e1neo<\/h1>\n<h1>Estilo mediterr\u00e1neo<\/h1>\n<h1>Decoraci\u00f3n mediterr\u00e1nea<\/h1>\n<h1>Terrazas mediterr\u00e1neas<\/h1>\n<h1>Jardines mediterr\u00e1neos<\/h1>\n<h1>Piscinas mediterr\u00e1neas<\/h1>\n<h1>Colores mediterr\u00e1neos<\/h1>\n<h1>Materiales mediterr\u00e1neos<\/h1>\n<h1>Iluminaci\u00f3n mediterr\u00e1nea<\/h1>\n<h1>Vistas al mar<\/h1>\n<h1>Clima mediterr\u00e1neo<\/h1>\n<h1>Construcci\u00f3n mediterr\u00e1nea<\/h1>\n<h1>Interiores mediterr\u00e1neos<\/h1>\n<h1>Mobiliario mediterr\u00e1neo<\/h1>\n<\/div>\n<\/div><\/div><\/div><\/div><div class=\"wpb_column vc_column_container\"><div class=\"vc_column-inner\"><div class=\"w-image align_none\"><div class=\"w-image-h\"><img decoding=\"async\" width=\"371\" height=\"136\" src=\"https:\/\/neredo.cl\/wp-content\/uploads\/2021\/10\/neredoooa.jpg\" class=\"attachment-large size-large\" alt=\"\" loading=\"lazy\" srcset=\"https:\/\/neredo.cl\/wp-content\/uploads\/2021\/10\/neredoooa.jpg 371w, https:\/\/neredo.cl\/wp-content\/uploads\/2021\/10\/neredoooa-300x110.jpg 300w\" sizes=\"auto, (max-width: 371px) 100vw, 371px\" \/><\/div><\/div><\/div><\/div><\/div><\/div><\/section>\n","protected":false},"excerpt":{"rendered":"CASAS MEDITERR\u00c1NEASEn NEREDO constructora nos encantamos con el estilo mediterr\u00e1neo , siendo casas aisladas con distribuci\u00f3n horizontal. Por lo general, su cubierta es plana, y en algunos casos, con una pendiente leve. Una casa mediterr\u00e1nea se caracteriza fundamentalmente por: Simplicidad en su volumen. Fluidez entre los espacios. Espacios muy luminosos. Flexibilidad para su expansi\u00f3n Casas...","protected":false},"author":3,"featured_media":0,"parent":0,"menu_order":0,"comment_status":"closed","ping_status":"closed","template":"","meta":{"footnotes":""},"class_list":["post-9428","page","type-page","status-publish","hentry"],"yoast_head":"<!-- This site is optimized with the Yoast SEO plugin v26.3 - https:\/\/yoast.com\/wordpress\/plugins\/seo\/ -->\n<title>CASAS MEDITERRANEAS - Neredo Constructora<\/title>\n<meta name=\"robots\" content=\"index, follow, max-snippet:-1, max-image-preview:large, max-video-preview:-1\" \/>\n<link rel=\"canonical\" href=\"https:\/\/neredo.cl\/index.php\/casas-mediterraneas\/\" \/>\n<meta property=\"og:locale\" content=\"es_ES\" \/>\n<meta property=\"og:type\" content=\"article\" \/>\n<meta property=\"og:title\" content=\"CASAS MEDITERRANEAS - Neredo Constructora\" \/>\n<meta property=\"og:url\" content=\"https:\/\/neredo.cl\/index.php\/casas-mediterraneas\/\" \/>\n<meta property=\"og:site_name\" content=\"Neredo Constructora\" \/>\n<meta property=\"article:modified_time\" content=\"2024-02-20T18:06:11+00:00\" \/>\n<meta name=\"twitter:card\" content=\"summary_large_image\" \/>\n<meta name=\"twitter:label1\" content=\"Tiempo de lectura\" \/>\n\t<meta name=\"twitter:data1\" content=\"1 minuto\" \/>\n<script type=\"application\/ld+json\" class=\"yoast-schema-graph\">{\"@context\":\"https:\/\/schema.org\",\"@graph\":[{\"@type\":\"WebPage\",\"@id\":\"https:\/\/neredo.cl\/index.php\/casas-mediterraneas\/\",\"url\":\"https:\/\/neredo.cl\/index.php\/casas-mediterraneas\/\",\"name\":\"CASAS MEDITERRANEAS - Neredo Constructora\",\"isPartOf\":{\"@id\":\"https:\/\/neredo.cl\/#website\"},\"datePublished\":\"2024-01-10T17:53:46+00:00\",\"dateModified\":\"2024-02-20T18:06:11+00:00\",\"breadcrumb\":{\"@id\":\"https:\/\/neredo.cl\/index.php\/casas-mediterraneas\/#breadcrumb\"},\"inLanguage\":\"es\",\"potentialAction\":[{\"@type\":\"ReadAction\",\"target\":[\"https:\/\/neredo.cl\/index.php\/casas-mediterraneas\/\"]}]},{\"@type\":\"BreadcrumbList\",\"@id\":\"https:\/\/neredo.cl\/index.php\/casas-mediterraneas\/#breadcrumb\",\"itemListElement\":[{\"@type\":\"ListItem\",\"position\":1,\"name\":\"Portada\",\"item\":\"https:\/\/neredo.cl\/\"},{\"@type\":\"ListItem\",\"position\":2,\"name\":\"CASAS MEDITERRANEAS\"}]},{\"@type\":\"WebSite\",\"@id\":\"https:\/\/neredo.cl\/#website\",\"url\":\"https:\/\/neredo.cl\/\",\"name\":\"Neredo Constructora\",\"description\":\"Somos expertos en hacer realidad tus sue\u00f1os\",\"publisher\":{\"@id\":\"https:\/\/neredo.cl\/#organization\"},\"potentialAction\":[{\"@type\":\"SearchAction\",\"target\":{\"@type\":\"EntryPoint\",\"urlTemplate\":\"https:\/\/neredo.cl\/?s={search_term_string}\"},\"query-input\":{\"@type\":\"PropertyValueSpecification\",\"valueRequired\":true,\"valueName\":\"search_term_string\"}}],\"inLanguage\":\"es\"},{\"@type\":\"Organization\",\"@id\":\"https:\/\/neredo.cl\/#organization\",\"name\":\"Neredo Constructora\",\"url\":\"https:\/\/neredo.cl\/\",\"logo\":{\"@type\":\"ImageObject\",\"inLanguage\":\"es\",\"@id\":\"https:\/\/neredo.cl\/#\/schema\/logo\/image\/\",\"url\":\"https:\/\/neredo.cl\/wp-content\/uploads\/2017\/07\/REDISENO-NEREDO-22.jpg\",\"contentUrl\":\"https:\/\/neredo.cl\/wp-content\/uploads\/2017\/07\/REDISENO-NEREDO-22.jpg\",\"width\":2112,\"height\":1069,\"caption\":\"Neredo Constructora\"},\"image\":{\"@id\":\"https:\/\/neredo.cl\/#\/schema\/logo\/image\/\"},\"sameAs\":[\"https:\/\/www.instagram.com\/constructoraneredo\"]}]}<\/script>\n<!-- \/ Yoast SEO plugin. -->","yoast_head_json":{"title":"CASAS MEDITERRANEAS - Neredo Constructora","robots":{"index":"index","follow":"follow","max-snippet":"max-snippet:-1","max-image-preview":"max-image-preview:large","max-video-preview":"max-video-preview:-1"},"canonical":"https:\/\/neredo.cl\/index.php\/casas-mediterraneas\/","og_locale":"es_ES","og_type":"article","og_title":"CASAS MEDITERRANEAS - Neredo Constructora","og_url":"https:\/\/neredo.cl\/index.php\/casas-mediterraneas\/","og_site_name":"Neredo Constructora","article_modified_time":"2024-02-20T18:06:11+00:00","twitter_card":"summary_large_image","twitter_misc":{"Tiempo de lectura":"1 minuto"},"schema":{"@context":"https:\/\/schema.org","@graph":[{"@type":"WebPage","@id":"https:\/\/neredo.cl\/index.php\/casas-mediterraneas\/","url":"https:\/\/neredo.cl\/index.php\/casas-mediterraneas\/","name":"CASAS MEDITERRANEAS - Neredo Constructora","isPartOf":{"@id":"https:\/\/neredo.cl\/#website"},"datePublished":"2024-01-10T17:53:46+00:00","dateModified":"2024-02-20T18:06:11+00:00","breadcrumb":{"@id":"https:\/\/neredo.cl\/index.php\/casas-mediterraneas\/#breadcrumb"},"inLanguage":"es","potentialAction":[{"@type":"ReadAction","target":["https:\/\/neredo.cl\/index.php\/casas-mediterraneas\/"]}]},{"@type":"BreadcrumbList","@id":"https:\/\/neredo.cl\/index.php\/casas-mediterraneas\/#breadcrumb","itemListElement":[{"@type":"ListItem","position":1,"name":"Portada","item":"https:\/\/neredo.cl\/"},{"@type":"ListItem","position":2,"name":"CASAS MEDITERRANEAS"}]},{"@type":"WebSite","@id":"https:\/\/neredo.cl\/#website","url":"https:\/\/neredo.cl\/","name":"Neredo Constructora","description":"Somos expertos en hacer realidad tus sue\u00f1os","publisher":{"@id":"https:\/\/neredo.cl\/#organization"},"potentialAction":[{"@type":"SearchAction","target":{"@type":"EntryPoint","urlTemplate":"https:\/\/neredo.cl\/?s={search_term_string}"},"query-input":{"@type":"PropertyValueSpecification","valueRequired":true,"valueName":"search_term_string"}}],"inLanguage":"es"},{"@type":"Organization","@id":"https:\/\/neredo.cl\/#organization","name":"Neredo Constructora","url":"https:\/\/neredo.cl\/","logo":{"@type":"ImageObject","inLanguage":"es","@id":"https:\/\/neredo.cl\/#\/schema\/logo\/image\/","url":"https:\/\/neredo.cl\/wp-content\/uploads\/2017\/07\/REDISENO-NEREDO-22.jpg","contentUrl":"https:\/\/neredo.cl\/wp-content\/uploads\/2017\/07\/REDISENO-NEREDO-22.jpg","width":2112,"height":1069,"caption":"Neredo Constructora"},"image":{"@id":"https:\/\/neredo.cl\/#\/schema\/logo\/image\/"},"sameAs":["https:\/\/www.instagram.com\/constructoraneredo"]}]}},"_links":{"self":[{"href":"https:\/\/neredo.cl\/index.php\/wp-json\/wp\/v2\/pages\/9428","targetHints":{"allow":["GET"]}}],"collection":[{"href":"https:\/\/neredo.cl\/index.php\/wp-json\/wp\/v2\/pages"}],"about":[{"href":"https:\/\/neredo.cl\/index.php\/wp-json\/wp\/v2\/types\/page"}],"author":[{"embeddable":true,"href":"https:\/\/neredo.cl\/index.php\/wp-json\/wp\/v2\/users\/3"}],"replies":[{"embeddable":true,"href":"https:\/\/neredo.cl\/index.php\/wp-json\/wp\/v2\/comments?post=9428"}],"version-history":[{"count":14,"href":"https:\/\/neredo.cl\/index.php\/wp-json\/wp\/v2\/pages\/9428\/revisions"}],"predecessor-version":[{"id":10785,"href":"https:\/\/neredo.cl\/index.php\/wp-json\/wp\/v2\/pages\/9428\/revisions\/10785"}],"wp:attachment":[{"href":"https:\/\/neredo.cl\/index.php\/wp-json\/wp\/v2\/media?parent=9428"}],"curies":[{"name":"wp","href":"https:\/\/api.w.org\/{rel}","templated":true}]}}